{"id":2462,"date":"2026-01-16T13:17:46","date_gmt":"2026-01-16T12:17:46","guid":{"rendered":"https:\/\/www.jumpup.hr\/?page_id=2462"},"modified":"2026-01-16T14:09:58","modified_gmt":"2026-01-16T13:09:58","slug":"junior","status":"publish","type":"page","link":"http:\/\/www.jumpup.hr\/index.php\/junior\/","title":{"rendered":"JUNIOR"},"content":{"rendered":"\n<h2 class=\"wp-block-heading\">OSNOVNI PAKET \u2013 280 \u20ac<\/h2>\n\n\n\n<p>Sve \u0161to vam treba za bazu savr\u0161ene zabave uklju\u010deno je u cijenu:<\/p>\n\n\n\n<ul class=\"wp-block-list\">\n<li>\ud83c\udf88 <strong>Trajanje:<\/strong> 2 puna sata lude zabave<\/li>\n\n\n\n<li>\ud83d\udc65 <strong>Gosti:<\/strong> Do 20 djece uklju\u010deno u cijenu<\/li>\n\n\n\n<li>\ud83e\udd64 <strong>Grickalice i pi\u0107e:<\/strong> Neograni\u010deni sokovi (negazirani) i slane grickalice<\/li>\n\n\n\n<li>\ud83c\udf81 <strong>Poklon:<\/strong> Poseban dar za slavljenika\/cu<\/li>\n\n\n\n<li>\ud83d\udc8c <strong>Pozivnice:<\/strong> Na\u0161e brendirane pozivnice za sve tvoje prijatelje<\/li>\n\n\n\n<li>\ud83e\udd38 <strong>Sadr\u017eaj:<\/strong> Kori\u0161tenje svih rekvizita i igra\u010daka u ro\u0111endaonici<\/li>\n\n\n\n<li>\ud83d\udc68\u200d\ud83c\udfeb <strong>Animatori:<\/strong> Iskusni animatori koji brinu o zabavi i sigurnosti<\/li>\n<\/ul>\n\n\n\n<hr class=\"wp-block-separator has-alpha-channel-opacity\"\/>\n\n\n\n<h2 class=\"wp-block-heading\">\ud83c\udf55 Personaliziraj svoju proslavu (Dodatne opcije)<\/h2>\n\n\n\n<p>\u017deli\u0161 jo\u0161 vi\u0161e? Dodaj opcije po svojoj \u017eelji:<\/p>\n\n\n\n<ul class=\"wp-block-list\">\n<li><strong>Dodatni sat zabave<\/strong> (pon-pet) &#8230;&#8230;. <strong>50 \u20ac<\/strong><\/li>\n\n\n\n<li><strong>Pizza (\u0161unka\/sir)<\/strong> po djetetu &#8230;&#8230;. <strong>2,50 \u20ac<\/strong><\/li>\n\n\n\n<li><strong>Ledo ro\u0111endanska torta<\/strong> &#8230;&#8230;. <strong>1,50 \u20ac<\/strong> \/ po djetetu <em>(Uklju\u010duje svje\u0107icu i prskalicu!)<\/em><\/li>\n\n\n\n<li><strong>Dodatno dijete<\/strong> (do max 30 djece) &#8230;&#8230;. <strong>8 \u20ac<\/strong><\/li>\n\n\n\n<li><strong>Dodatni animator<\/strong> (po satu) &#8230;&#8230;. <strong>12 \u20ac<\/strong><\/li>\n<\/ul>\n","protected":false},"excerpt":{"rendered":"<p>OSNOVNI PAKET \u2013 280 \u20ac Sve \u0161to vam treba za bazu savr\u0161ene zabave uklju\u010deno je u cijenu: \ud83c\udf55 Personaliziraj svoju proslavu (Dodatne opcije) \u017deli\u0161 jo\u0161 vi\u0161e? Dodaj opcije po svojoj \u017eelji:<\/p>\n","protected":false},"author":2,"featured_media":0,"parent":0,"menu_order":0,"comment_status":"closed","ping_status":"closed","template":"","meta":{"two_page_speed":[],"footnotes":""},"class_list":["post-2462","page","type-page","status-publish","hentry"],"yoast_head":"<!-- This site is optimized with the Yoast SEO plugin v22.1 - https:\/\/yoast.com\/wordpress\/plugins\/seo\/ -->\n<title>JUNIOR - JumpUp privatne ro\u0111endaonice Velika Gorica |MINI 120m2 + Junior 440 m2<\/title>\n<meta name=\"description\" content=\"Privatne ro\u0111endaonice u Velikoj Gorici: JumpUp MINI 120 m\u00b2 (1\u20135 god) i JumpUp JUNIOR 440 m\u00b2 (5\u201310 god). 1 termin = 1 proslava\" \/>\n<meta name=\"robots\" content=\"index, follow, max-snippet:-1, max-image-preview:large, max-video-preview:-1\" \/>\n<link rel=\"canonical\" href=\"https:\/\/www.jumpup.hr\/index.php\/junior\/\" \/>\n<meta property=\"og:locale\" content=\"hr_HR\" \/>\n<meta property=\"og:type\" content=\"article\" \/>\n<meta property=\"og:title\" content=\"JUNIOR - JumpUp privatne ro\u0111endaonice Velika Gorica |MINI 120m2 + Junior 440 m2\" \/>\n<meta property=\"og:description\" content=\"Privatne ro\u0111endaonice u Velikoj Gorici: JumpUp MINI 120 m\u00b2 (1\u20135 god) i JumpUp JUNIOR 440 m\u00b2 (5\u201310 god). 1 termin = 1 proslava\" \/>\n<meta property=\"og:url\" content=\"https:\/\/www.jumpup.hr\/index.php\/junior\/\" \/>\n<meta property=\"article:publisher\" content=\"https:\/\/www.facebook.com\/jumpuphr\/\" \/>\n<meta property=\"article:modified_time\" content=\"2026-01-16T13:09:58+00:00\" \/>\n<meta name=\"twitter:card\" content=\"summary_large_image\" \/>\n<meta name=\"twitter:label1\" content=\"Procijenjeno vrijeme \u010ditanja\" \/>\n\t<meta name=\"twitter:data1\" content=\"1 minuta\" \/>\n<script type=\"application\/ld+json\" class=\"yoast-schema-graph\">{\"@context\":\"https:\/\/schema.org\",\"@graph\":[{\"@type\":\"WebPage\",\"@id\":\"https:\/\/www.jumpup.hr\/index.php\/junior\/\",\"url\":\"https:\/\/www.jumpup.hr\/index.php\/junior\/\",\"name\":\"JUNIOR - JumpUp privatne ro\u0111endaonice Velika Gorica |MINI 120m2 + Junior 440 m2\",\"isPartOf\":{\"@id\":\"https:\/\/www.jumpup.hr\/#website\"},\"datePublished\":\"2026-01-16T12:17:46+00:00\",\"dateModified\":\"2026-01-16T13:09:58+00:00\",\"description\":\"Privatne ro\u0111endaonice u Velikoj Gorici: JumpUp MINI 120 m\u00b2 (1\u20135 god) i JumpUp JUNIOR 440 m\u00b2 (5\u201310 god). 1 termin = 1 proslava\",\"breadcrumb\":{\"@id\":\"https:\/\/www.jumpup.hr\/index.php\/junior\/#breadcrumb\"},\"inLanguage\":\"hr\",\"potentialAction\":[{\"@type\":\"ReadAction\",\"target\":[\"https:\/\/www.jumpup.hr\/index.php\/junior\/\"]}]},{\"@type\":\"BreadcrumbList\",\"@id\":\"https:\/\/www.jumpup.hr\/index.php\/junior\/#breadcrumb\",\"itemListElement\":[{\"@type\":\"ListItem\",\"position\":1,\"name\":\"Po\u010detna stranica\",\"item\":\"https:\/\/www.jumpup.hr\/\"},{\"@type\":\"ListItem\",\"position\":2,\"name\":\"JUNIOR\"}]},{\"@type\":\"WebSite\",\"@id\":\"https:\/\/www.jumpup.hr\/#website\",\"url\":\"https:\/\/www.jumpup.hr\/\",\"name\":\"\",\"description\":\"\",\"publisher\":{\"@id\":\"https:\/\/www.jumpup.hr\/#organization\"},\"potentialAction\":[{\"@type\":\"SearchAction\",\"target\":{\"@type\":\"EntryPoint\",\"urlTemplate\":\"https:\/\/www.jumpup.hr\/?s={search_term_string}\"},\"query-input\":\"required name=search_term_string\"}],\"inLanguage\":\"hr\"},{\"@type\":\"Organization\",\"@id\":\"https:\/\/www.jumpup.hr\/#organization\",\"name\":\"Jump up\",\"url\":\"https:\/\/www.jumpup.hr\/\",\"logo\":{\"@type\":\"ImageObject\",\"inLanguage\":\"hr\",\"@id\":\"https:\/\/www.jumpup.hr\/#\/schema\/logo\/image\/\",\"url\":\"http:\/\/www.jumpup.hr\/wp-content\/uploads\/2022\/11\/cropped-cropped-jumpup_final1-removebg.png\",\"contentUrl\":\"http:\/\/www.jumpup.hr\/wp-content\/uploads\/2022\/11\/cropped-cropped-jumpup_final1-removebg.png\",\"width\":484,\"height\":406,\"caption\":\"Jump up\"},\"image\":{\"@id\":\"https:\/\/www.jumpup.hr\/#\/schema\/logo\/image\/\"},\"sameAs\":[\"https:\/\/www.facebook.com\/jumpuphr\/\"]}]}<\/script>\n<!-- \/ Yoast SEO plugin. -->","yoast_head_json":{"title":"JUNIOR - JumpUp privatne ro\u0111endaonice Velika Gorica |MINI 120m2 + Junior 440 m2","description":"Privatne ro\u0111endaonice u Velikoj Gorici: JumpUp MINI 120 m\u00b2 (1\u20135 god) i JumpUp JUNIOR 440 m\u00b2 (5\u201310 god). 1 termin = 1 proslava","robots":{"index":"index","follow":"follow","max-snippet":"max-snippet:-1","max-image-preview":"max-image-preview:large","max-video-preview":"max-video-preview:-1"},"canonical":"https:\/\/www.jumpup.hr\/index.php\/junior\/","og_locale":"hr_HR","og_type":"article","og_title":"JUNIOR - JumpUp privatne ro\u0111endaonice Velika Gorica |MINI 120m2 + Junior 440 m2","og_description":"Privatne ro\u0111endaonice u Velikoj Gorici: JumpUp MINI 120 m\u00b2 (1\u20135 god) i JumpUp JUNIOR 440 m\u00b2 (5\u201310 god). 1 termin = 1 proslava","og_url":"https:\/\/www.jumpup.hr\/index.php\/junior\/","article_publisher":"https:\/\/www.facebook.com\/jumpuphr\/","article_modified_time":"2026-01-16T13:09:58+00:00","twitter_card":"summary_large_image","twitter_misc":{"Procijenjeno vrijeme \u010ditanja":"1 minuta"},"schema":{"@context":"https:\/\/schema.org","@graph":[{"@type":"WebPage","@id":"https:\/\/www.jumpup.hr\/index.php\/junior\/","url":"https:\/\/www.jumpup.hr\/index.php\/junior\/","name":"JUNIOR - JumpUp privatne ro\u0111endaonice Velika Gorica |MINI 120m2 + Junior 440 m2","isPartOf":{"@id":"https:\/\/www.jumpup.hr\/#website"},"datePublished":"2026-01-16T12:17:46+00:00","dateModified":"2026-01-16T13:09:58+00:00","description":"Privatne ro\u0111endaonice u Velikoj Gorici: JumpUp MINI 120 m\u00b2 (1\u20135 god) i JumpUp JUNIOR 440 m\u00b2 (5\u201310 god). 1 termin = 1 proslava","breadcrumb":{"@id":"https:\/\/www.jumpup.hr\/index.php\/junior\/#breadcrumb"},"inLanguage":"hr","potentialAction":[{"@type":"ReadAction","target":["https:\/\/www.jumpup.hr\/index.php\/junior\/"]}]},{"@type":"BreadcrumbList","@id":"https:\/\/www.jumpup.hr\/index.php\/junior\/#breadcrumb","itemListElement":[{"@type":"ListItem","position":1,"name":"Po\u010detna stranica","item":"https:\/\/www.jumpup.hr\/"},{"@type":"ListItem","position":2,"name":"JUNIOR"}]},{"@type":"WebSite","@id":"https:\/\/www.jumpup.hr\/#website","url":"https:\/\/www.jumpup.hr\/","name":"","description":"","publisher":{"@id":"https:\/\/www.jumpup.hr\/#organization"},"potentialAction":[{"@type":"SearchAction","target":{"@type":"EntryPoint","urlTemplate":"https:\/\/www.jumpup.hr\/?s={search_term_string}"},"query-input":"required name=search_term_string"}],"inLanguage":"hr"},{"@type":"Organization","@id":"https:\/\/www.jumpup.hr\/#organization","name":"Jump up","url":"https:\/\/www.jumpup.hr\/","logo":{"@type":"ImageObject","inLanguage":"hr","@id":"https:\/\/www.jumpup.hr\/#\/schema\/logo\/image\/","url":"http:\/\/www.jumpup.hr\/wp-content\/uploads\/2022\/11\/cropped-cropped-jumpup_final1-removebg.png","contentUrl":"http:\/\/www.jumpup.hr\/wp-content\/uploads\/2022\/11\/cropped-cropped-jumpup_final1-removebg.png","width":484,"height":406,"caption":"Jump up"},"image":{"@id":"https:\/\/www.jumpup.hr\/#\/schema\/logo\/image\/"},"sameAs":["https:\/\/www.facebook.com\/jumpuphr\/"]}]}},"_links":{"self":[{"href":"http:\/\/www.jumpup.hr\/index.php\/wp-json\/wp\/v2\/pages\/2462","targetHints":{"allow":["GET"]}}],"collection":[{"href":"http:\/\/www.jumpup.hr\/index.php\/wp-json\/wp\/v2\/pages"}],"about":[{"href":"http:\/\/www.jumpup.hr\/index.php\/wp-json\/wp\/v2\/types\/page"}],"author":[{"embeddable":true,"href":"http:\/\/www.jumpup.hr\/index.php\/wp-json\/wp\/v2\/users\/2"}],"replies":[{"embeddable":true,"href":"http:\/\/www.jumpup.hr\/index.php\/wp-json\/wp\/v2\/comments?post=2462"}],"version-history":[{"count":2,"href":"http:\/\/www.jumpup.hr\/index.php\/wp-json\/wp\/v2\/pages\/2462\/revisions"}],"predecessor-version":[{"id":2512,"href":"http:\/\/www.jumpup.hr\/index.php\/wp-json\/wp\/v2\/pages\/2462\/revisions\/2512"}],"wp:attachment":[{"href":"http:\/\/www.jumpup.hr\/index.php\/wp-json\/wp\/v2\/media?parent=2462"}],"curies":[{"name":"wp","href":"https:\/\/api.w.org\/{rel}","templated":true}]}}