{"id":2446,"date":"2026-01-16T13:08:12","date_gmt":"2026-01-16T12:08:12","guid":{"rendered":"https:\/\/www.jumpup.hr\/?page_id=2446"},"modified":"2026-01-16T13:08:12","modified_gmt":"2026-01-16T12:08:12","slug":"rodendaonice","status":"publish","type":"page","link":"http:\/\/www.jumpup.hr\/index.php\/rodendaonice\/","title":{"rendered":"RO\u0110ENDAONICE"},"content":{"rendered":"","protected":false},"excerpt":{"rendered":"","protected":false},"author":2,"featured_media":0,"parent":0,"menu_order":0,"comment_status":"closed","ping_status":"closed","template":"","meta":{"two_page_speed":[],"footnotes":""},"class_list":["post-2446","page","type-page","status-publish","hentry"],"yoast_head":"<!-- This site is optimized with the Yoast SEO plugin v22.1 - https:\/\/yoast.com\/wordpress\/plugins\/seo\/ -->\n<title>RO\u0110ENDAONICE - JumpUp privatne ro\u0111endaonice Velika Gorica |MINI 120m2 + Junior 440 m2<\/title>\n<meta name=\"description\" content=\"Privatne ro\u0111endaonice u Velikoj Gorici: JumpUp MINI 120 m\u00b2 (1\u20135 god) i JumpUp JUNIOR 440 m\u00b2 (5\u201310 god). 1 termin = 1 proslava\" \/>\n<meta name=\"robots\" content=\"index, follow, max-snippet:-1, max-image-preview:large, max-video-preview:-1\" \/>\n<link rel=\"canonical\" href=\"http:\/\/www.jumpup.hr\/index.php\/rodendaonice\/\" \/>\n<meta property=\"og:locale\" content=\"hr_HR\" \/>\n<meta property=\"og:type\" content=\"article\" \/>\n<meta property=\"og:title\" content=\"RO\u0110ENDAONICE - JumpUp privatne ro\u0111endaonice Velika Gorica |MINI 120m2 + Junior 440 m2\" \/>\n<meta property=\"og:description\" content=\"Privatne ro\u0111endaonice u Velikoj Gorici: JumpUp MINI 120 m\u00b2 (1\u20135 god) i JumpUp JUNIOR 440 m\u00b2 (5\u201310 god). 1 termin = 1 proslava\" \/>\n<meta property=\"og:url\" content=\"http:\/\/www.jumpup.hr\/index.php\/rodendaonice\/\" \/>\n<meta property=\"article:publisher\" content=\"https:\/\/www.facebook.com\/jumpuphr\/\" \/>\n<meta name=\"twitter:card\" content=\"summary_large_image\" \/>\n<script type=\"application\/ld+json\" class=\"yoast-schema-graph\">{\"@context\":\"https:\/\/schema.org\",\"@graph\":[{\"@type\":\"WebPage\",\"@id\":\"http:\/\/www.jumpup.hr\/index.php\/rodendaonice\/\",\"url\":\"http:\/\/www.jumpup.hr\/index.php\/rodendaonice\/\",\"name\":\"RO\u0110ENDAONICE - JumpUp privatne ro\u0111endaonice Velika Gorica |MINI 120m2 + Junior 440 m2\",\"isPartOf\":{\"@id\":\"https:\/\/www.jumpup.hr\/#website\"},\"datePublished\":\"2026-01-16T12:08:12+00:00\",\"dateModified\":\"2026-01-16T12:08:12+00:00\",\"description\":\"Privatne ro\u0111endaonice u Velikoj Gorici: JumpUp MINI 120 m\u00b2 (1\u20135 god) i JumpUp JUNIOR 440 m\u00b2 (5\u201310 god). 1 termin = 1 proslava\",\"breadcrumb\":{\"@id\":\"http:\/\/www.jumpup.hr\/index.php\/rodendaonice\/#breadcrumb\"},\"inLanguage\":\"hr\",\"potentialAction\":[{\"@type\":\"ReadAction\",\"target\":[\"http:\/\/www.jumpup.hr\/index.php\/rodendaonice\/\"]}]},{\"@type\":\"BreadcrumbList\",\"@id\":\"http:\/\/www.jumpup.hr\/index.php\/rodendaonice\/#breadcrumb\",\"itemListElement\":[{\"@type\":\"ListItem\",\"position\":1,\"name\":\"Po\u010detna stranica\",\"item\":\"https:\/\/www.jumpup.hr\/\"},{\"@type\":\"ListItem\",\"position\":2,\"name\":\"RO\u0110ENDAONICE\"}]},{\"@type\":\"WebSite\",\"@id\":\"https:\/\/www.jumpup.hr\/#website\",\"url\":\"https:\/\/www.jumpup.hr\/\",\"name\":\"\",\"description\":\"\",\"publisher\":{\"@id\":\"https:\/\/www.jumpup.hr\/#organization\"},\"potentialAction\":[{\"@type\":\"SearchAction\",\"target\":{\"@type\":\"EntryPoint\",\"urlTemplate\":\"https:\/\/www.jumpup.hr\/?s={search_term_string}\"},\"query-input\":\"required name=search_term_string\"}],\"inLanguage\":\"hr\"},{\"@type\":\"Organization\",\"@id\":\"https:\/\/www.jumpup.hr\/#organization\",\"name\":\"Jump up\",\"url\":\"https:\/\/www.jumpup.hr\/\",\"logo\":{\"@type\":\"ImageObject\",\"inLanguage\":\"hr\",\"@id\":\"https:\/\/www.jumpup.hr\/#\/schema\/logo\/image\/\",\"url\":\"http:\/\/www.jumpup.hr\/wp-content\/uploads\/2022\/11\/cropped-cropped-jumpup_final1-removebg.png\",\"contentUrl\":\"http:\/\/www.jumpup.hr\/wp-content\/uploads\/2022\/11\/cropped-cropped-jumpup_final1-removebg.png\",\"width\":484,\"height\":406,\"caption\":\"Jump up\"},\"image\":{\"@id\":\"https:\/\/www.jumpup.hr\/#\/schema\/logo\/image\/\"},\"sameAs\":[\"https:\/\/www.facebook.com\/jumpuphr\/\"]}]}<\/script>\n<!-- \/ Yoast SEO plugin. -->","yoast_head_json":{"title":"RO\u0110ENDAONICE - JumpUp privatne ro\u0111endaonice Velika Gorica |MINI 120m2 + Junior 440 m2","description":"Privatne ro\u0111endaonice u Velikoj Gorici: JumpUp MINI 120 m\u00b2 (1\u20135 god) i JumpUp JUNIOR 440 m\u00b2 (5\u201310 god). 1 termin = 1 proslava","robots":{"index":"index","follow":"follow","max-snippet":"max-snippet:-1","max-image-preview":"max-image-preview:large","max-video-preview":"max-video-preview:-1"},"canonical":"http:\/\/www.jumpup.hr\/index.php\/rodendaonice\/","og_locale":"hr_HR","og_type":"article","og_title":"RO\u0110ENDAONICE - JumpUp privatne ro\u0111endaonice Velika Gorica |MINI 120m2 + Junior 440 m2","og_description":"Privatne ro\u0111endaonice u Velikoj Gorici: JumpUp MINI 120 m\u00b2 (1\u20135 god) i JumpUp JUNIOR 440 m\u00b2 (5\u201310 god). 1 termin = 1 proslava","og_url":"http:\/\/www.jumpup.hr\/index.php\/rodendaonice\/","article_publisher":"https:\/\/www.facebook.com\/jumpuphr\/","twitter_card":"summary_large_image","schema":{"@context":"https:\/\/schema.org","@graph":[{"@type":"WebPage","@id":"http:\/\/www.jumpup.hr\/index.php\/rodendaonice\/","url":"http:\/\/www.jumpup.hr\/index.php\/rodendaonice\/","name":"RO\u0110ENDAONICE - JumpUp privatne ro\u0111endaonice Velika Gorica |MINI 120m2 + Junior 440 m2","isPartOf":{"@id":"https:\/\/www.jumpup.hr\/#website"},"datePublished":"2026-01-16T12:08:12+00:00","dateModified":"2026-01-16T12:08:12+00:00","description":"Privatne ro\u0111endaonice u Velikoj Gorici: JumpUp MINI 120 m\u00b2 (1\u20135 god) i JumpUp JUNIOR 440 m\u00b2 (5\u201310 god). 1 termin = 1 proslava","breadcrumb":{"@id":"http:\/\/www.jumpup.hr\/index.php\/rodendaonice\/#breadcrumb"},"inLanguage":"hr","potentialAction":[{"@type":"ReadAction","target":["http:\/\/www.jumpup.hr\/index.php\/rodendaonice\/"]}]},{"@type":"BreadcrumbList","@id":"http:\/\/www.jumpup.hr\/index.php\/rodendaonice\/#breadcrumb","itemListElement":[{"@type":"ListItem","position":1,"name":"Po\u010detna stranica","item":"https:\/\/www.jumpup.hr\/"},{"@type":"ListItem","position":2,"name":"RO\u0110ENDAONICE"}]},{"@type":"WebSite","@id":"https:\/\/www.jumpup.hr\/#website","url":"https:\/\/www.jumpup.hr\/","name":"","description":"","publisher":{"@id":"https:\/\/www.jumpup.hr\/#organization"},"potentialAction":[{"@type":"SearchAction","target":{"@type":"EntryPoint","urlTemplate":"https:\/\/www.jumpup.hr\/?s={search_term_string}"},"query-input":"required name=search_term_string"}],"inLanguage":"hr"},{"@type":"Organization","@id":"https:\/\/www.jumpup.hr\/#organization","name":"Jump up","url":"https:\/\/www.jumpup.hr\/","logo":{"@type":"ImageObject","inLanguage":"hr","@id":"https:\/\/www.jumpup.hr\/#\/schema\/logo\/image\/","url":"http:\/\/www.jumpup.hr\/wp-content\/uploads\/2022\/11\/cropped-cropped-jumpup_final1-removebg.png","contentUrl":"http:\/\/www.jumpup.hr\/wp-content\/uploads\/2022\/11\/cropped-cropped-jumpup_final1-removebg.png","width":484,"height":406,"caption":"Jump up"},"image":{"@id":"https:\/\/www.jumpup.hr\/#\/schema\/logo\/image\/"},"sameAs":["https:\/\/www.facebook.com\/jumpuphr\/"]}]}},"_links":{"self":[{"href":"http:\/\/www.jumpup.hr\/index.php\/wp-json\/wp\/v2\/pages\/2446","targetHints":{"allow":["GET"]}}],"collection":[{"href":"http:\/\/www.jumpup.hr\/index.php\/wp-json\/wp\/v2\/pages"}],"about":[{"href":"http:\/\/www.jumpup.hr\/index.php\/wp-json\/wp\/v2\/types\/page"}],"author":[{"embeddable":true,"href":"http:\/\/www.jumpup.hr\/index.php\/wp-json\/wp\/v2\/users\/2"}],"replies":[{"embeddable":true,"href":"http:\/\/www.jumpup.hr\/index.php\/wp-json\/wp\/v2\/comments?post=2446"}],"version-history":[{"count":1,"href":"http:\/\/www.jumpup.hr\/index.php\/wp-json\/wp\/v2\/pages\/2446\/revisions"}],"predecessor-version":[{"id":2451,"href":"http:\/\/www.jumpup.hr\/index.php\/wp-json\/wp\/v2\/pages\/2446\/revisions\/2451"}],"wp:attachment":[{"href":"http:\/\/www.jumpup.hr\/index.php\/wp-json\/wp\/v2\/media?parent=2446"}],"curies":[{"name":"wp","href":"https:\/\/api.w.org\/{rel}","templated":true}]}}